{"id":57,"date":"2023-01-07T16:47:24","date_gmt":"2023-01-07T16:47:24","guid":{"rendered":"http:\/\/agkn.com.br\/?page_id=57"},"modified":"2023-01-07T16:47:58","modified_gmt":"2023-01-07T16:47:58","slug":"areas-de-atuacao","status":"publish","type":"page","link":"https:\/\/agkn.com.br\/index.php\/areas-de-atuacao\/","title":{"rendered":"\u00c1reas de Atua\u00e7\u00e3o"},"content":{"rendered":"\t\t<div data-elementor-type=\"wp-page\" data-elementor-id=\"57\" class=\"elementor elementor-57\">\n\t\t\t\t\t\t<section class=\"elementor-section elementor-top-section elementor-element elementor-element-302c912 elementor-section-content-middle elementor-section-boxed elementor-section-height-default elementor-section-height-default\" data-id=\"302c912\" data-element_type=\"section\" data-settings=\"{&quot;background_background&quot;:&quot;classic&quot;}\">\n\t\t\t\t\t\t\t<div class=\"elementor-background-overlay\"><\/div>\n\t\t\t\t\t\t\t<div class=\"elementor-container elementor-column-gap-no\">\n\t\t\t\t\t<div class=\"elementor-column elementor-col-100 elementor-top-column elementor-element elementor-element-10d20315\" data-id=\"10d20315\" data-element_type=\"column\">\n\t\t\t<div class=\"elementor-widget-wrap elementor-element-populated\">\n\t\t\t\t\t\t<div class=\"elementor-element elementor-element-637b31f2 elementor-widget elementor-widget-heading\" data-id=\"637b31f2\" data-element_type=\"widget\" data-widget_type=\"heading.default\">\n\t\t\t\t<div class=\"elementor-widget-container\">\n\t\t\t<style>\/*! elementor - v3.21.0 - 26-05-2024 *\/\n.elementor-heading-title{padding:0;margin:0;line-height:1}.elementor-widget-heading .elementor-heading-title[class*=elementor-size-]>a{color:inherit;font-size:inherit;line-height:inherit}.elementor-widget-heading .elementor-heading-title.elementor-size-small{font-size:15px}.elementor-widget-heading .elementor-heading-title.elementor-size-medium{font-size:19px}.elementor-widget-heading .elementor-heading-title.elementor-size-large{font-size:29px}.elementor-widget-heading .elementor-heading-title.elementor-size-xl{font-size:39px}.elementor-widget-heading .elementor-heading-title.elementor-size-xxl{font-size:59px}<\/style><h4 class=\"elementor-heading-title elementor-size-default\">Direito Empresarial\n<\/h4>\t\t<\/div>\n\t\t\t\t<\/div>\n\t\t\t\t<div class=\"elementor-element elementor-element-4979889 elementor-widget elementor-widget-text-editor\" data-id=\"4979889\" data-element_type=\"widget\" data-widget_type=\"text-editor.default\">\n\t\t\t\t<div class=\"elementor-widget-container\">\n\t\t\t<style>\/*! elementor - v3.21.0 - 26-05-2024 *\/\n.elementor-widget-text-editor.elementor-drop-cap-view-stacked .elementor-drop-cap{background-color:#69727d;color:#fff}.elementor-widget-text-editor.elementor-drop-cap-view-framed .elementor-drop-cap{color:#69727d;border:3px solid;background-color:transparent}.elementor-widget-text-editor:not(.elementor-drop-cap-view-default) .elementor-drop-cap{margin-top:8px}.elementor-widget-text-editor:not(.elementor-drop-cap-view-default) .elementor-drop-cap-letter{width:1em;height:1em}.elementor-widget-text-editor .elementor-drop-cap{float:left;text-align:center;line-height:1;font-size:50px}.elementor-widget-text-editor .elementor-drop-cap-letter{display:inline-block}<\/style>\t\t\t\t<article><main><div class=\"atuacao-content\"><div class=\"container\"><div class=\"post-item\"><p>A principal atua\u00e7\u00e3o na \u00e1rea contenciosa envolve lit\u00edgios entre s\u00f3cios, responsabiliza\u00e7\u00e3o de administradores e contratos empresariais, inclusive de representa\u00e7\u00e3o comercial e revenda exclusiva. Assessora neg\u00f3cios em diversos segmentos do mercado, participando de opera\u00e7\u00f5es de incorpora\u00e7\u00e3o, cis\u00e3o, fus\u00e3o, transforma\u00e7\u00e3o de sociedades, dissolu\u00e7\u00e3o de sociedade, compra e venda de participa\u00e7\u00f5es societ\u00e1rias, planejamento e reorganiza\u00e7\u00e3o empresarial, participa\u00e7\u00e3o em assembleias e reuni\u00f5es de administra\u00e7\u00e3o de sociedades, habilita\u00e7\u00e3o de cr\u00e9dito em fal\u00eancias e recupera\u00e7\u00f5es judiciais, dentre outros assuntos relacionados ao dia-a-dia da empresa. Tamb\u00e9m presta servi\u00e7os, diretamente ou por meio de parcerias, nas \u00e1reas de marcas e patentes, propriedade industrial, concorr\u00eancia desleal, abuso do poder econ\u00f4mico, dumping e pr\u00e1ticas comerciais desleais, e no atendimento de quest\u00f5es junto \u00e0 CVM, ao CADE e a ag\u00eancias reguladoras.<\/p><\/div><\/div><\/div><\/main><\/article><article><header><\/header><\/article>\t\t\t\t\t\t<\/div>\n\t\t\t\t<\/div>\n\t\t\t\t<div class=\"elementor-element elementor-element-3dfaf77c elementor-widget elementor-widget-heading\" data-id=\"3dfaf77c\" data-element_type=\"widget\" data-widget_type=\"heading.default\">\n\t\t\t\t<div class=\"elementor-widget-container\">\n\t\t\t<h4 class=\"elementor-heading-title elementor-size-default\">Direito Civil<\/h4>\t\t<\/div>\n\t\t\t\t<\/div>\n\t\t\t\t<div class=\"elementor-element elementor-element-4b4e760e elementor-widget elementor-widget-text-editor\" data-id=\"4b4e760e\" data-element_type=\"widget\" data-widget_type=\"text-editor.default\">\n\t\t\t\t<div class=\"elementor-widget-container\">\n\t\t\t\t\t\t\t<article><main><p>O escrit\u00f3rio atua em todos os ramos do Direito Civil, com \u00eanfase em obriga\u00e7\u00f5es, contratos, posse e propriedade, imobili\u00e1rio, responsabilidade civil, loca\u00e7\u00e3o, direito autoral e sucess\u00f5es.<\/p><\/main><\/article><article><header><\/header><\/article>\t\t\t\t\t\t<\/div>\n\t\t\t\t<\/div>\n\t\t\t\t<div class=\"elementor-element elementor-element-563d84fd elementor-widget elementor-widget-heading\" data-id=\"563d84fd\" data-element_type=\"widget\" data-widget_type=\"heading.default\">\n\t\t\t\t<div class=\"elementor-widget-container\">\n\t\t\t<h4 class=\"elementor-heading-title elementor-size-default\">Direito Tribut\u00e1rio - Assis Gon\u00e7alves, Kloss Neto e Advogados Associados e Parceria Alexandre Tomaschitz\t\t\t\t<\/h4>\t\t<\/div>\n\t\t\t\t<\/div>\n\t\t\t\t<div class=\"elementor-element elementor-element-6ebef672 elementor-widget elementor-widget-text-editor\" data-id=\"6ebef672\" data-element_type=\"widget\" data-widget_type=\"text-editor.default\">\n\t\t\t\t<div class=\"elementor-widget-container\">\n\t\t\t\t\t\t\t<p>Na seara do Direito Tribut\u00e1rio, a atua\u00e7\u00e3o do escrit\u00f3rio compreende tanto o atendimento n\u00e3o contencioso, consistente no assessoramento a rotinas de relacionamento com os \u00f3rg\u00e3os fazend\u00e1rios, na elabora\u00e7\u00e3o de pareceres e na concep\u00e7\u00e3o de modelos de planejamento tribut\u00e1rio, como o atendimento de processos administrativos e judiciais, inclusive perante os Conselhos de Contribuintes e assemelhados, nas tr\u00eas esferas de governo.<\/p><p>A atua\u00e7\u00e3o judicial envolve o atendimento de execu\u00e7\u00f5es fiscais, inclusive com a apresenta\u00e7\u00e3o de embargos, a impetra\u00e7\u00e3o de mandado de seguran\u00e7a, o ajuizamento de a\u00e7\u00f5es declarat\u00f3rias e anulat\u00f3rias, assim como outras medidas que se mostrem necess\u00e1rias \u00e0 defesa dos direitos de seus clientes.<\/p>\t\t\t\t\t\t<\/div>\n\t\t\t\t<\/div>\n\t\t\t\t<div class=\"elementor-element elementor-element-5526cf37 elementor-widget elementor-widget-heading\" data-id=\"5526cf37\" data-element_type=\"widget\" data-widget_type=\"heading.default\">\n\t\t\t\t<div class=\"elementor-widget-container\">\n\t\t\t<h4 class=\"elementor-heading-title elementor-size-default\">Direito Administrativo\n<\/h4>\t\t<\/div>\n\t\t\t\t<\/div>\n\t\t\t\t<div class=\"elementor-element elementor-element-2ba68acb elementor-widget elementor-widget-text-editor\" data-id=\"2ba68acb\" data-element_type=\"widget\" data-widget_type=\"text-editor.default\">\n\t\t\t\t<div class=\"elementor-widget-container\">\n\t\t\t\t\t\t\t<div class=\"post-item\"><article><main><p>As atividades relacionadas ao Direito Administrativo, diretamente ou por meio de parcerias, concentram-se no atendimento de a\u00e7\u00f5es de improbidade administrativa, na formula\u00e7\u00e3o de defesas perante Tribunais de Contas, em discuss\u00f5es relacionadas ao direito \u00e0 sa\u00fade e em discuss\u00f5es perante \u00f3rg\u00e3os de fiscaliza\u00e7\u00e3o, inclusive ambiental. Presta, ainda, assessoria em licita\u00e7\u00f5es, concess\u00e3o de servi\u00e7os p\u00fablicos e contratos administrativos<\/p><\/main><\/article><\/div>\t\t\t\t\t\t<\/div>\n\t\t\t\t<\/div>\n\t\t\t\t<div class=\"elementor-element elementor-element-2e282804 elementor-widget elementor-widget-heading\" data-id=\"2e282804\" data-element_type=\"widget\" data-widget_type=\"heading.default\">\n\t\t\t\t<div class=\"elementor-widget-container\">\n\t\t\t<h4 class=\"elementor-heading-title elementor-size-default\">Direito Cooperativo\n<\/h4>\t\t<\/div>\n\t\t\t\t<\/div>\n\t\t\t\t<div class=\"elementor-element elementor-element-293c8594 elementor-widget elementor-widget-text-editor\" data-id=\"293c8594\" data-element_type=\"widget\" data-widget_type=\"text-editor.default\">\n\t\t\t\t<div class=\"elementor-widget-container\">\n\t\t\t\t\t\t\t<div class=\"post-item\"><article><main><div class=\"post-item\"><p>Constitui\u00e7\u00e3o de sociedades cooperativas com setor especializado para orienta\u00e7\u00e3o jur\u00eddica nas \u00e1reas contratual, societ\u00e1ria e tribut\u00e1ria.<\/p><\/div><\/main><\/article><\/div>\t\t\t\t\t\t<\/div>\n\t\t\t\t<\/div>\n\t\t\t\t<div class=\"elementor-element elementor-element-79ac32aa elementor-widget elementor-widget-heading\" data-id=\"79ac32aa\" data-element_type=\"widget\" data-widget_type=\"heading.default\">\n\t\t\t\t<div class=\"elementor-widget-container\">\n\t\t\t<h4 class=\"elementor-heading-title elementor-size-default\">Arbitragem<\/h4>\t\t<\/div>\n\t\t\t\t<\/div>\n\t\t\t\t<div class=\"elementor-element elementor-element-6278b6d elementor-widget elementor-widget-text-editor\" data-id=\"6278b6d\" data-element_type=\"widget\" data-widget_type=\"text-editor.default\">\n\t\t\t\t<div class=\"elementor-widget-container\">\n\t\t\t\t\t\t\t<div class=\"post-item\"><article><main><div class=\"post-item\"><div class=\"atuacao-descripton\"><div class=\"container\"><div class=\"post-grid\"><div class=\"post-item\"><p>Formula\u00e7\u00e3o de cl\u00e1usulas arbitrais, representa\u00e7\u00e3o das partes envolvidas, orienta\u00e7\u00e3o, consultoria e assessoria em arbitragens empresariais.<\/p><\/div><\/div><\/div><\/div><\/div><\/main><\/article><\/div>\t\t\t\t\t\t<\/div>\n\t\t\t\t<\/div>\n\t\t\t\t<div class=\"elementor-element elementor-element-668fe244 elementor-widget elementor-widget-heading\" data-id=\"668fe244\" data-element_type=\"widget\" data-widget_type=\"heading.default\">\n\t\t\t\t<div class=\"elementor-widget-container\">\n\t\t\t<h4 class=\"elementor-heading-title elementor-size-default\">Direito Criminal - Parceria Giamberardino e F\u00e1vero Advogados Associados<\/h4>\t\t<\/div>\n\t\t\t\t<\/div>\n\t\t\t\t<div class=\"elementor-element elementor-element-729aeade elementor-widget elementor-widget-text-editor\" data-id=\"729aeade\" data-element_type=\"widget\" data-widget_type=\"text-editor.default\">\n\t\t\t\t<div class=\"elementor-widget-container\">\n\t\t\t\t\t\t\t<div class=\"post-item\"><article><main><div class=\"post-item\"><div class=\"atuacao-descripton\"><div class=\"container\"><div class=\"post-grid\"><div class=\"post-item\"><p>Acompanhamento e atua\u00e7\u00e3o t\u00e9cnica em Inqu\u00e9ritos e A\u00e7\u00f5es Penais nas inst\u00e2ncias ordin\u00e1rias e Tribunais Superiores. A equipe possui s\u00f3lida atua\u00e7\u00e3o no \u00e2mbito do Direito Penal, com experi\u00eancia em grandes opera\u00e7\u00f5es na \u00e1rea de crimes econ\u00f4micos e contra a Administra\u00e7\u00e3o P\u00fablica. O escrit\u00f3rio tamb\u00e9m atua em favor da v\u00edtima a fim de garantir a responsabiliza\u00e7\u00e3o do agente, acompanhando e requerendo dilig\u00eancias no \u00e2mbito policial, oferecendo a respectiva queixa-crime no caso de a\u00e7\u00e3o penal privada, e atuando como assistente de acusa\u00e7\u00e3o no decorrer do processo, nos demais casos.<\/p><\/div><\/div><\/div><\/div><\/div><\/main><\/article><\/div>\t\t\t\t\t\t<\/div>\n\t\t\t\t<\/div>\n\t\t\t\t<div class=\"elementor-element elementor-element-1d92dcc5 elementor-widget elementor-widget-heading\" data-id=\"1d92dcc5\" data-element_type=\"widget\" data-widget_type=\"heading.default\">\n\t\t\t\t<div class=\"elementor-widget-container\">\n\t\t\t<h4 class=\"elementor-heading-title elementor-size-default\">Direito do Trabalho - Parceria Derenne & Bolonhez Advogados Associados<\/h4>\t\t<\/div>\n\t\t\t\t<\/div>\n\t\t\t\t<div class=\"elementor-element elementor-element-1c9a7240 elementor-widget elementor-widget-text-editor\" data-id=\"1c9a7240\" data-element_type=\"widget\" data-widget_type=\"text-editor.default\">\n\t\t\t\t<div class=\"elementor-widget-container\">\n\t\t\t\t\t\t\t<div class=\"post-item\"><article><main><div class=\"post-item\"><div class=\"atuacao-descripton\"><div class=\"container\"><div class=\"post-grid\"><div class=\"post-item\"><p>Orienta\u00e7\u00e3o a empresas sobre o regime jur\u00eddico trabalhista e o melhor ajuste para evitar gravames nas rela\u00e7\u00f5es de emprego. Planejamento corporativo. Atua\u00e7\u00e3o judicial na defesa de empresas.<\/p><\/div><\/div><\/div><\/div><\/div><\/main><\/article><\/div>\t\t\t\t\t\t<\/div>\n\t\t\t\t<\/div>\n\t\t\t\t\t<\/div>\n\t\t<\/div>\n\t\t\t\t\t<\/div>\n\t\t<\/section>\n\t\t\t\t<\/div>\n\t\t","protected":false},"excerpt":{"rendered":"<p>Direito Empresarial A principal atua\u00e7\u00e3o na \u00e1rea contenciosa envolve lit\u00edgios entre s\u00f3cios, responsabiliza\u00e7\u00e3o de administradores e contratos empresariais, inclusive de representa\u00e7\u00e3o comercial e revenda exclusiva. Assessora neg\u00f3cios em diversos segmentos do mercado, participando de opera\u00e7\u00f5es de incorpora\u00e7\u00e3o, cis\u00e3o, fus\u00e3o, transforma\u00e7\u00e3o de sociedades, dissolu\u00e7\u00e3o de sociedade, compra e venda de participa\u00e7\u00f5es societ\u00e1rias, planejamento e reorganiza\u00e7\u00e3o empresarial, [&hellip;]<\/p>\n","protected":false},"author":1,"featured_media":0,"parent":0,"menu_order":0,"comment_status":"closed","ping_status":"closed","template":"elementor_header_footer","meta":{"site-sidebar-layout":"no-sidebar","site-content-layout":"page-builder","ast-site-content-layout":"","site-content-style":"default","site-sidebar-style":"default","ast-global-header-display":"","ast-banner-title-visibility":"","ast-main-header-display":"","ast-hfb-above-header-display":"","ast-hfb-below-header-display":"","ast-hfb-mobile-header-display":"","site-post-title":"disabled","ast-breadcrumbs-content":"","ast-featured-img":"disabled","footer-sml-layout":"","theme-transparent-header-meta":"","adv-header-id-meta":"","stick-header-meta":"","header-above-stick-meta":"","header-main-stick-meta":"","header-below-stick-meta":"","astra-migrate-meta-layouts":"default","ast-page-background-enabled":"default","ast-page-background-meta":{"desktop":{"background-color":"var(--ast-global-color-4)","background-image":"","background-repeat":"repeat","background-position":"center center","background-size":"auto","background-attachment":"scroll","background-type":"","background-media":"","overlay-type":"","overlay-color":"","overlay-opacity":"","overlay-gradient":""},"tablet":{"background-color":"","background-image":"","background-repeat":"repeat","background-position":"center center","background-size":"auto","background-attachment":"scroll","background-type":"","background-media":"","overlay-type":"","overlay-color":"","overlay-opacity":"","overlay-gradient":""},"mobile":{"background-color":"","background-image":"","background-repeat":"repeat","background-position":"center center","background-size":"auto","background-attachment":"scroll","background-type":"","background-media":"","overlay-type":"","overlay-color":"","overlay-opacity":"","overlay-gradient":""}},"ast-content-background-meta":{"desktop":{"background-color":"var(--ast-global-color-5)","background-image":"","background-repeat":"repeat","background-position":"center center","background-size":"auto","background-attachment":"scroll","background-type":"","background-media":"","overlay-type":"","overlay-color":"","overlay-opacity":"","overlay-gradient":""},"tablet":{"background-color":"var(--ast-global-color-5)","background-image":"","background-repeat":"repeat","background-position":"center center","background-size":"auto","background-attachment":"scroll","background-type":"","background-media":"","overlay-type":"","overlay-color":"","overlay-opacity":"","overlay-gradient":""},"mobile":{"background-color":"var(--ast-global-color-5)","background-image":"","background-repeat":"repeat","background-position":"center center","background-size":"auto","background-attachment":"scroll","background-type":"","background-media":"","overlay-type":"","overlay-color":"","overlay-opacity":"","overlay-gradient":""}},"footnotes":""},"class_list":["post-57","page","type-page","status-publish","hentry"],"_links":{"self":[{"href":"https:\/\/agkn.com.br\/index.php\/wp-json\/wp\/v2\/pages\/57","targetHints":{"allow":["GET"]}}],"collection":[{"href":"https:\/\/agkn.com.br\/index.php\/wp-json\/wp\/v2\/pages"}],"about":[{"href":"https:\/\/agkn.com.br\/index.php\/wp-json\/wp\/v2\/types\/page"}],"author":[{"embeddable":true,"href":"https:\/\/agkn.com.br\/index.php\/wp-json\/wp\/v2\/users\/1"}],"replies":[{"embeddable":true,"href":"https:\/\/agkn.com.br\/index.php\/wp-json\/wp\/v2\/comments?post=57"}],"version-history":[{"count":4,"href":"https:\/\/agkn.com.br\/index.php\/wp-json\/wp\/v2\/pages\/57\/revisions"}],"predecessor-version":[{"id":63,"href":"https:\/\/agkn.com.br\/index.php\/wp-json\/wp\/v2\/pages\/57\/revisions\/63"}],"wp:attachment":[{"href":"https:\/\/agkn.com.br\/index.php\/wp-json\/wp\/v2\/media?parent=57"}],"curies":[{"name":"wp","href":"https:\/\/api.w.org\/{rel}","templated":true}]}}